{"id":7513,"date":"2025-02-04T13:01:44","date_gmt":"2025-02-04T10:01:44","guid":{"rendered":"https:\/\/bungalovmarket.com.tr\/urun\/serpme-kahvalti-2-kisilik\/"},"modified":"2026-01-10T17:24:11","modified_gmt":"2026-01-10T14:24:11","slug":"serpme-kahvalti-2-kisilik","status":"publish","type":"product","link":"https:\/\/bungalovmarket.com.tr\/tr\/urun\/serpme-kahvalti-2-kisilik\/","title":{"rendered":"Serpme Kahvalt\u0131 2 ki\u015filik"},"content":{"rendered":"<p>Kahvalt\u0131 sipari\u015flerinizde rezervasyon usul\u00fc \u00e7al\u0131\u015f\u0131yoruz . Kahvalt\u0131y\u0131 isteyece\u011finiz g\u00fcn\u00fcn ak\u015fam\u0131ndan sipari\u015finizi olu\u015fturup , saat ka\u00e7ta istedi\u011finizi a\u00e7\u0131klamalar k\u0131sm\u0131nda belirtmeniz gerekiyor .<\/p>\n<p>Kahvalt\u0131 servisinde Kredi kart\u0131 ge\u00e7erli DE\u011e\u0130LD\u0130R<\/p>\n","protected":false},"excerpt":{"rendered":"<p>Kahvalt\u0131 sipari\u015flerinizde rezervasyon usul\u00fc \u00e7al\u0131\u015f\u0131yoruz . Kahvalt\u0131y\u0131 isteyece\u011finiz g\u00fcn\u00fcn ak\u015fam\u0131ndan sipari\u015finizi olu\u015fturup , saat ka\u00e7ta istedi\u011finizi a\u00e7\u0131klamalar k\u0131sm\u0131nda belirtmeniz gerekiyor . Kahvalt\u0131 servisinde Kredi kart\u0131 ge\u00e7erli DE\u011e\u0130LD\u0130R<\/p>\n","protected":false},"featured_media":7512,"comment_status":"open","ping_status":"closed","template":"","meta":[],"product_cat":[126],"product_tag":[],"class_list":{"0":"post-7513","1":"product","2":"type-product","3":"status-publish","4":"has-post-thumbnail","6":"product_cat-yemek","8":"first","9":"instock","10":"taxable","11":"shipping-taxable","12":"purchasable","13":"product-type-simple"},"jetpack_sharing_enabled":true,"_links":{"self":[{"href":"https:\/\/bungalovmarket.com.tr\/tr\/wp-json\/wp\/v2\/product\/7513","targetHints":{"allow":["GET"]}}],"collection":[{"href":"https:\/\/bungalovmarket.com.tr\/tr\/wp-json\/wp\/v2\/product"}],"about":[{"href":"https:\/\/bungalovmarket.com.tr\/tr\/wp-json\/wp\/v2\/types\/product"}],"replies":[{"embeddable":true,"href":"https:\/\/bungalovmarket.com.tr\/tr\/wp-json\/wp\/v2\/comments?post=7513"}],"wp:featuredmedia":[{"embeddable":true,"href":"https:\/\/bungalovmarket.com.tr\/tr\/wp-json\/wp\/v2\/media\/7512"}],"wp:attachment":[{"href":"https:\/\/bungalovmarket.com.tr\/tr\/wp-json\/wp\/v2\/media?parent=7513"}],"wp:term":[{"taxonomy":"product_cat","embeddable":true,"href":"https:\/\/bungalovmarket.com.tr\/tr\/wp-json\/wp\/v2\/product_cat?post=7513"},{"taxonomy":"product_tag","embeddable":true,"href":"https:\/\/bungalovmarket.com.tr\/tr\/wp-json\/wp\/v2\/product_tag?post=7513"}],"curies":[{"name":"wp","href":"https:\/\/api.w.org\/{rel}","templated":true}]}}