{"id":5191,"date":"2024-02-29T13:17:24","date_gmt":"2024-02-29T10:17:24","guid":{"rendered":"https:\/\/bungalovmarket.com.tr\/urun\/erkek-havuz-sort\/"},"modified":"2026-01-10T17:24:01","modified_gmt":"2026-01-10T14:24:01","slug":"erkek-havuz-sort","status":"publish","type":"product","link":"https:\/\/bungalovmarket.com.tr\/tr\/urun\/erkek-havuz-sort\/","title":{"rendered":"Erkek havuz \u015fort"},"content":{"rendered":"<p>G\u00f6rsel temsili olarak konulmu\u015ftur. Sipari\u015f esnas\u0131nda g\u00fcncel g\u00f6rseller payla\u015f\u0131lacak t\u0131r.<\/p>\n","protected":false},"excerpt":{"rendered":"<p>G\u00f6rsel temsili olarak konulmu\u015ftur. Sipari\u015f esnas\u0131nda g\u00fcncel g\u00f6rseller payla\u015f\u0131lacak t\u0131r.<\/p>\n","protected":false},"featured_media":5190,"comment_status":"open","ping_status":"closed","template":"","meta":[],"product_cat":[15,128],"product_tag":[],"class_list":{"0":"post-5191","1":"product","2":"type-product","3":"status-publish","4":"has-post-thumbnail","6":"product_cat-market","7":"product_cat-havuz-plaj-malzemeleri","9":"first","10":"instock","11":"taxable","12":"shipping-taxable","13":"purchasable","14":"product-type-simple"},"jetpack_sharing_enabled":true,"_links":{"self":[{"href":"https:\/\/bungalovmarket.com.tr\/tr\/wp-json\/wp\/v2\/product\/5191","targetHints":{"allow":["GET"]}}],"collection":[{"href":"https:\/\/bungalovmarket.com.tr\/tr\/wp-json\/wp\/v2\/product"}],"about":[{"href":"https:\/\/bungalovmarket.com.tr\/tr\/wp-json\/wp\/v2\/types\/product"}],"replies":[{"embeddable":true,"href":"https:\/\/bungalovmarket.com.tr\/tr\/wp-json\/wp\/v2\/comments?post=5191"}],"wp:featuredmedia":[{"embeddable":true,"href":"https:\/\/bungalovmarket.com.tr\/tr\/wp-json\/wp\/v2\/media\/5190"}],"wp:attachment":[{"href":"https:\/\/bungalovmarket.com.tr\/tr\/wp-json\/wp\/v2\/media?parent=5191"}],"wp:term":[{"taxonomy":"product_cat","embeddable":true,"href":"https:\/\/bungalovmarket.com.tr\/tr\/wp-json\/wp\/v2\/product_cat?post=5191"},{"taxonomy":"product_tag","embeddable":true,"href":"https:\/\/bungalovmarket.com.tr\/tr\/wp-json\/wp\/v2\/product_tag?post=5191"}],"curies":[{"name":"wp","href":"https:\/\/api.w.org\/{rel}","templated":true}]}}