{"id":4134,"date":"2023-08-04T09:53:40","date_gmt":"2023-08-04T06:53:40","guid":{"rendered":"https:\/\/alpx.com.tr\/lab4\/?post_type=product&#038;p=4134"},"modified":"2026-02-13T05:03:27","modified_gmt":"2026-02-13T02:03:27","slug":"master-patato-acili-baharatli","status":"publish","type":"product","link":"https:\/\/bungalovmarket.com.tr\/tr\/urun\/master-patato-acili-baharatli\/","title":{"rendered":"Master patato ac\u0131l\u0131 &amp; baharatl\u0131"},"content":{"rendered":"","protected":false},"excerpt":{"rendered":"","protected":false},"featured_media":4135,"comment_status":"open","ping_status":"closed","template":"","meta":[],"product_cat":[137],"product_tag":[],"class_list":{"0":"post-4134","1":"product","2":"type-product","3":"status-publish","4":"has-post-thumbnail","6":"product_cat-cips","8":"first","9":"instock","10":"taxable","11":"shipping-taxable","12":"purchasable","13":"product-type-simple"},"jetpack_sharing_enabled":true,"_links":{"self":[{"href":"https:\/\/bungalovmarket.com.tr\/tr\/wp-json\/wp\/v2\/product\/4134","targetHints":{"allow":["GET"]}}],"collection":[{"href":"https:\/\/bungalovmarket.com.tr\/tr\/wp-json\/wp\/v2\/product"}],"about":[{"href":"https:\/\/bungalovmarket.com.tr\/tr\/wp-json\/wp\/v2\/types\/product"}],"replies":[{"embeddable":true,"href":"https:\/\/bungalovmarket.com.tr\/tr\/wp-json\/wp\/v2\/comments?post=4134"}],"wp:featuredmedia":[{"embeddable":true,"href":"https:\/\/bungalovmarket.com.tr\/tr\/wp-json\/wp\/v2\/media\/4135"}],"wp:attachment":[{"href":"https:\/\/bungalovmarket.com.tr\/tr\/wp-json\/wp\/v2\/media?parent=4134"}],"wp:term":[{"taxonomy":"product_cat","embeddable":true,"href":"https:\/\/bungalovmarket.com.tr\/tr\/wp-json\/wp\/v2\/product_cat?post=4134"},{"taxonomy":"product_tag","embeddable":true,"href":"https:\/\/bungalovmarket.com.tr\/tr\/wp-json\/wp\/v2\/product_tag?post=4134"}],"curies":[{"name":"wp","href":"https:\/\/api.w.org\/{rel}","templated":true}]}}