{"id":4129,"date":"2023-08-04T08:05:04","date_gmt":"2023-08-04T05:05:04","guid":{"rendered":"https:\/\/alpx.com.tr\/lab4\/?post_type=product&#038;p=4129"},"modified":"2026-01-10T17:23:56","modified_gmt":"2026-01-10T14:23:56","slug":"kori-soslu-tavuk-menu","status":"publish","type":"product","link":"https:\/\/bungalovmarket.com.tr\/tr\/urun\/kori-soslu-tavuk-menu\/","title":{"rendered":"K\u00f6ri Soslu Tavuk"},"content":{"rendered":"<p>150 gr tavuk eti , Makarna , krema ve k\u00f6ri sosu ile harmanlanm\u0131\u015ft\u0131r.<\/p>\n<p>Not : \u0130ste\u011fe g\u00f6re \u00fccretsiz ekmek eklenebilir .<\/p>\n","protected":false},"excerpt":{"rendered":"<p>150 gr tavuk eti , Makarna , krema ve k\u00f6ri sosu ile harmanlanm\u0131\u015ft\u0131r. Not : \u0130ste\u011fe g\u00f6re \u00fccretsiz ekmek eklenebilir .<\/p>\n","protected":false},"featured_media":6475,"comment_status":"open","ping_status":"closed","template":"","meta":[],"product_cat":[126,136],"product_tag":[],"class_list":{"0":"post-4129","1":"product","2":"type-product","3":"status-publish","4":"has-post-thumbnail","6":"product_cat-yemek","7":"product_cat-tavuklu-menuler","9":"first","10":"instock","11":"featured","12":"taxable","13":"shipping-taxable","14":"purchasable","15":"product-type-simple"},"jetpack_sharing_enabled":true,"_links":{"self":[{"href":"https:\/\/bungalovmarket.com.tr\/tr\/wp-json\/wp\/v2\/product\/4129","targetHints":{"allow":["GET"]}}],"collection":[{"href":"https:\/\/bungalovmarket.com.tr\/tr\/wp-json\/wp\/v2\/product"}],"about":[{"href":"https:\/\/bungalovmarket.com.tr\/tr\/wp-json\/wp\/v2\/types\/product"}],"replies":[{"embeddable":true,"href":"https:\/\/bungalovmarket.com.tr\/tr\/wp-json\/wp\/v2\/comments?post=4129"}],"wp:featuredmedia":[{"embeddable":true,"href":"https:\/\/bungalovmarket.com.tr\/tr\/wp-json\/wp\/v2\/media\/6475"}],"wp:attachment":[{"href":"https:\/\/bungalovmarket.com.tr\/tr\/wp-json\/wp\/v2\/media?parent=4129"}],"wp:term":[{"taxonomy":"product_cat","embeddable":true,"href":"https:\/\/bungalovmarket.com.tr\/tr\/wp-json\/wp\/v2\/product_cat?post=4129"},{"taxonomy":"product_tag","embeddable":true,"href":"https:\/\/bungalovmarket.com.tr\/tr\/wp-json\/wp\/v2\/product_tag?post=4129"}],"curies":[{"name":"wp","href":"https:\/\/api.w.org\/{rel}","templated":true}]}}