{"id":9267,"date":"2026-02-01T04:39:07","date_gmt":"2026-02-01T01:39:07","guid":{"rendered":"https:\/\/bungalovmarket.com.tr\/?post_type=product&#038;p=9267"},"modified":"2026-02-01T04:39:39","modified_gmt":"2026-02-01T01:39:39","slug":"2-li-yarim-ekmek-arasi-et-doner","status":"publish","type":"product","link":"https:\/\/bungalovmarket.com.tr\/en\/product\/2-li-yarim-ekmek-arasi-et-doner\/","title":{"rendered":"2 Li Yar\u0131m Ekmek aras\u0131 Et D\u00f6ner"},"content":{"rendered":"<p>2 adet yar\u0131m ekmek Aras\u0131 Et D\u00f6ner i\u00e7erir .<\/p>\n<p>Her bir ekme\u011fin i\u00e7inde 150Gr et d\u00f6ner bulunur .<\/p>\n<p>Ekmek i\u00e7eri\u011fi : So\u011fan , Domates , Et d\u00f6ner<\/p>","protected":false},"excerpt":{"rendered":"<p>2 adet yar\u0131m ekmek Aras\u0131 Et D\u00f6ner i\u00e7erir . Her bir ekme\u011fin i\u00e7inde 150Gr et d\u00f6ner bulunur . Ekmek i\u00e7eri\u011fi : So\u011fan , Domates , Et d\u00f6ner<\/p>","protected":false},"featured_media":9266,"comment_status":"open","ping_status":"closed","template":"","meta":[],"product_cat":[141],"product_tag":[],"class_list":{"0":"post-9267","1":"product","2":"type-product","3":"status-publish","4":"has-post-thumbnail","6":"product_cat-sandvicler","8":"first","9":"instock","10":"taxable","11":"shipping-taxable","12":"purchasable","13":"product-type-simple"},"jetpack_sharing_enabled":true,"_links":{"self":[{"href":"https:\/\/bungalovmarket.com.tr\/en\/wp-json\/wp\/v2\/product\/9267","targetHints":{"allow":["GET"]}}],"collection":[{"href":"https:\/\/bungalovmarket.com.tr\/en\/wp-json\/wp\/v2\/product"}],"about":[{"href":"https:\/\/bungalovmarket.com.tr\/en\/wp-json\/wp\/v2\/types\/product"}],"replies":[{"embeddable":true,"href":"https:\/\/bungalovmarket.com.tr\/en\/wp-json\/wp\/v2\/comments?post=9267"}],"wp:featuredmedia":[{"embeddable":true,"href":"https:\/\/bungalovmarket.com.tr\/en\/wp-json\/wp\/v2\/media\/9266"}],"wp:attachment":[{"href":"https:\/\/bungalovmarket.com.tr\/en\/wp-json\/wp\/v2\/media?parent=9267"}],"wp:term":[{"taxonomy":"product_cat","embeddable":true,"href":"https:\/\/bungalovmarket.com.tr\/en\/wp-json\/wp\/v2\/product_cat?post=9267"},{"taxonomy":"product_tag","embeddable":true,"href":"https:\/\/bungalovmarket.com.tr\/en\/wp-json\/wp\/v2\/product_tag?post=9267"}],"curies":[{"name":"wp","href":"https:\/\/api.w.org\/{rel}","templated":true}]}}