{"id":8924,"date":"2025-12-03T14:15:23","date_gmt":"2025-12-03T11:15:23","guid":{"rendered":"https:\/\/bungalovmarket.com.tr\/urun\/pastirma-kasarli\/"},"modified":"2026-01-10T17:24:21","modified_gmt":"2026-01-10T14:24:21","slug":"pastirma-kasarli","status":"publish","type":"product","link":"https:\/\/bungalovmarket.com.tr\/en\/product\/pastirma-kasarli\/","title":{"rendered":"Past\u0131rma ka\u015farl\u0131"},"content":{"rendered":"","protected":false},"excerpt":{"rendered":"","protected":false},"featured_media":8923,"comment_status":"open","ping_status":"closed","template":"","meta":[],"product_cat":[157],"product_tag":[],"class_list":{"0":"post-8924","1":"product","2":"type-product","3":"status-publish","4":"has-post-thumbnail","6":"product_cat-tostcu-mami-dag-gibi-tost","8":"first","9":"instock","10":"taxable","11":"shipping-taxable","12":"purchasable","13":"product-type-simple"},"jetpack_sharing_enabled":true,"_links":{"self":[{"href":"https:\/\/bungalovmarket.com.tr\/en\/wp-json\/wp\/v2\/product\/8924","targetHints":{"allow":["GET"]}}],"collection":[{"href":"https:\/\/bungalovmarket.com.tr\/en\/wp-json\/wp\/v2\/product"}],"about":[{"href":"https:\/\/bungalovmarket.com.tr\/en\/wp-json\/wp\/v2\/types\/product"}],"replies":[{"embeddable":true,"href":"https:\/\/bungalovmarket.com.tr\/en\/wp-json\/wp\/v2\/comments?post=8924"}],"wp:featuredmedia":[{"embeddable":true,"href":"https:\/\/bungalovmarket.com.tr\/en\/wp-json\/wp\/v2\/media\/8923"}],"wp:attachment":[{"href":"https:\/\/bungalovmarket.com.tr\/en\/wp-json\/wp\/v2\/media?parent=8924"}],"wp:term":[{"taxonomy":"product_cat","embeddable":true,"href":"https:\/\/bungalovmarket.com.tr\/en\/wp-json\/wp\/v2\/product_cat?post=8924"},{"taxonomy":"product_tag","embeddable":true,"href":"https:\/\/bungalovmarket.com.tr\/en\/wp-json\/wp\/v2\/product_tag?post=8924"}],"curies":[{"name":"wp","href":"https:\/\/api.w.org\/{rel}","templated":true}]}}