{"id":8602,"date":"2025-08-31T23:19:29","date_gmt":"2025-08-31T20:19:29","guid":{"rendered":"https:\/\/bungalovmarket.com.tr\/urun\/4-lu-porsiyon-icli-kofte-4-adet\/"},"modified":"2026-01-30T06:04:03","modified_gmt":"2026-01-30T03:04:04","slug":"4-lu-porsiyon-icli-kofte-4-adet","status":"publish","type":"product","link":"https:\/\/bungalovmarket.com.tr\/en\/product\/4-lu-porsiyon-icli-kofte-4-adet\/","title":{"rendered":"4 l\u00fc porsiyon \u0130\u00e7li K\u00f6fte ( 4 adet )"},"content":{"rendered":"","protected":false},"excerpt":{"rendered":"","protected":false},"featured_media":8601,"comment_status":"open","ping_status":"closed","template":"","meta":[],"product_cat":[141,142,143,140],"product_tag":[],"class_list":{"0":"post-8602","1":"product","2":"type-product","3":"status-publish","4":"has-post-thumbnail","6":"product_cat-sandvicler","7":"product_cat-komagene","8":"product_cat-izgara-cesitleri","9":"product_cat-lahmacun-pide","11":"first","12":"instock","13":"taxable","14":"shipping-taxable","15":"purchasable","16":"product-type-simple"},"jetpack_sharing_enabled":true,"_links":{"self":[{"href":"https:\/\/bungalovmarket.com.tr\/en\/wp-json\/wp\/v2\/product\/8602","targetHints":{"allow":["GET"]}}],"collection":[{"href":"https:\/\/bungalovmarket.com.tr\/en\/wp-json\/wp\/v2\/product"}],"about":[{"href":"https:\/\/bungalovmarket.com.tr\/en\/wp-json\/wp\/v2\/types\/product"}],"replies":[{"embeddable":true,"href":"https:\/\/bungalovmarket.com.tr\/en\/wp-json\/wp\/v2\/comments?post=8602"}],"wp:featuredmedia":[{"embeddable":true,"href":"https:\/\/bungalovmarket.com.tr\/en\/wp-json\/wp\/v2\/media\/8601"}],"wp:attachment":[{"href":"https:\/\/bungalovmarket.com.tr\/en\/wp-json\/wp\/v2\/media?parent=8602"}],"wp:term":[{"taxonomy":"product_cat","embeddable":true,"href":"https:\/\/bungalovmarket.com.tr\/en\/wp-json\/wp\/v2\/product_cat?post=8602"},{"taxonomy":"product_tag","embeddable":true,"href":"https:\/\/bungalovmarket.com.tr\/en\/wp-json\/wp\/v2\/product_tag?post=8602"}],"curies":[{"name":"wp","href":"https:\/\/api.w.org\/{rel}","templated":true}]}}